{"id":2286,"date":"2017-06-19T20:01:42","date_gmt":"2017-06-19T20:01:42","guid":{"rendered":"https:\/\/famser-ipss.pt\/gps\/?page_id=2286"},"modified":"2017-06-24T20:33:11","modified_gmt":"2017-06-24T20:33:11","slug":"contatos","status":"publish","type":"page","link":"https:\/\/artmagazine.pt\/index.php\/contatos\/","title":{"rendered":"Contatos"},"content":{"rendered":"<table border=\"0\" align=\"center\">\n<tbody>\n<tr>\n<th>\n<h4>Reda\u00e7\u00e3o no Alentejo<\/h4>\n<\/th>\n<th>\n<h4>Reda\u00e7\u00e3o em Magrelos<\/h4>\n<\/th>\n<th>\n<h4>Reda\u00e7\u00e3o Paredes de V.<\/h4>\n<\/th>\n<\/tr>\n<tr>\n<td>\n<h6>Quinta Horta da Nora<br \/>\nPhone:286 328 660<\/h6>\n<\/td>\n<td>\n<h6>Quinta do Sol<br \/>\nPhone: 255 588 858<\/h6>\n<\/td>\n<td>\n<h6>Quinta do Horizonte<br \/>\nPhone:255 511 552<\/h6>\n<\/td>\n<\/tr>\n<\/tbody>\n<\/table>\n<hr \/>\n\n<hr \/>\n<div id='contact-form-2286'>\n<form action='https:\/\/artmagazine.pt\/index.php\/contatos\/#contact-form-2286' method='post' class='contact-form commentsblock'>\n\n<div class='grunion-field-wrap grunion-field-name-wrap'  >\n<label\n\t\t\t\tfor='g2286-nome'\n\t\t\t\tclass='grunion-field-label name'\n\t\t\t\t>Nome<span>(obrigat\u00f3rio)<\/span><\/label>\n<input\n\t\t\t\t\ttype='text'\n\t\t\t\t\tname='g2286-nome'\n\t\t\t\t\tid='g2286-nome'\n\t\t\t\t\tvalue=''\n\t\t\t\t\tclass='name' \n\t\t\t\t\trequired aria-required='true'\n\t\t\t\t\/>\n\t<\/div>\n\n<div class='grunion-field-wrap grunion-field-email-wrap'  >\n<label\n\t\t\t\tfor='g2286-email'\n\t\t\t\tclass='grunion-field-label email'\n\t\t\t\t>Email<span>(obrigat\u00f3rio)<\/span><\/label>\n<input\n\t\t\t\t\ttype='email'\n\t\t\t\t\tname='g2286-email'\n\t\t\t\t\tid='g2286-email'\n\t\t\t\t\tvalue=''\n\t\t\t\t\tclass='email' \n\t\t\t\t\trequired aria-required='true'\n\t\t\t\t\/>\n\t<\/div>\n\n<div class='grunion-field-wrap grunion-field-url-wrap'  >\n<label\n\t\t\t\tfor='g2286-website'\n\t\t\t\tclass='grunion-field-label url'\n\t\t\t\t>Website<\/label>\n<input\n\t\t\t\t\ttype='url'\n\t\t\t\t\tname='g2286-website'\n\t\t\t\t\tid='g2286-website'\n\t\t\t\t\tvalue=''\n\t\t\t\t\tclass='url' \n\t\t\t\t\t\n\t\t\t\t\/>\n\t<\/div>\n\n<div class='grunion-field-wrap grunion-field-textarea-wrap'  >\n<label\n\t\t\t\tfor='contact-form-comment-g2286-comentrio'\n\t\t\t\tclass='grunion-field-label textarea'\n\t\t\t\t>Coment\u00e1rio<span>(obrigat\u00f3rio)<\/span><\/label>\n<textarea\n\t\t                name='g2286-comentrio'\n\t\t                id='contact-form-comment-g2286-comentrio'\n\t\t                rows='20' class='textarea'  required aria-required='true'><\/textarea>\n\t<\/div>\n\t<p class='contact-submit'>\n\t\t<button type='submit' class='pushbutton-wide'>Submeter<\/button>\t\t<input type='hidden' name='contact-form-id' value='2286' \/>\n\t\t<input type='hidden' name='action' value='grunion-contact-form' \/>\n\t\t<input type='hidden' name='contact-form-hash' value='5d5a07027379ef5b1c517595477d828003b4d95d' \/>\n\t<\/p>\n<\/form>\n<\/div>\n","protected":false},"excerpt":{"rendered":"<p>Reda\u00e7\u00e3o no Alentejo Reda\u00e7\u00e3o em Magrelos Reda\u00e7\u00e3o Paredes de V. Quinta Horta da Nora Phone:286 328 660 Quinta do Sol Phone: 255 588 858 Quinta do Horizonte Phone:255 511 552<\/p>\n","protected":false},"author":1,"featured_media":2522,"parent":0,"menu_order":0,"comment_status":"closed","ping_status":"closed","template":"","meta":{"spay_email":""},"jetpack_shortlink":"https:\/\/wp.me\/P8Zpru-AS","jetpack-related-posts":[],"jetpack_sharing_enabled":true,"_links":{"self":[{"href":"https:\/\/artmagazine.pt\/index.php\/wp-json\/wp\/v2\/pages\/2286"}],"collection":[{"href":"https:\/\/artmagazine.pt\/index.php\/wp-json\/wp\/v2\/pages"}],"about":[{"href":"https:\/\/artmagazine.pt\/index.php\/wp-json\/wp\/v2\/types\/page"}],"author":[{"embeddable":true,"href":"https:\/\/artmagazine.pt\/index.php\/wp-json\/wp\/v2\/users\/1"}],"replies":[{"embeddable":true,"href":"https:\/\/artmagazine.pt\/index.php\/wp-json\/wp\/v2\/comments?post=2286"}],"version-history":[{"count":6,"href":"https:\/\/artmagazine.pt\/index.php\/wp-json\/wp\/v2\/pages\/2286\/revisions"}],"predecessor-version":[{"id":2594,"href":"https:\/\/artmagazine.pt\/index.php\/wp-json\/wp\/v2\/pages\/2286\/revisions\/2594"}],"wp:featuredmedia":[{"embeddable":true,"href":"https:\/\/artmagazine.pt\/index.php\/wp-json\/wp\/v2\/media\/2522"}],"wp:attachment":[{"href":"https:\/\/artmagazine.pt\/index.php\/wp-json\/wp\/v2\/media?parent=2286"}],"curies":[{"name":"wp","href":"https:\/\/api.w.org\/{rel}","templated":true}]}}